{"id":7734,"date":"2025-03-18T15:01:46","date_gmt":"2025-03-18T19:01:46","guid":{"rendered":"https:\/\/mtyfranchising.com\/about-us-testing-v1\/"},"modified":"2026-04-01T16:16:18","modified_gmt":"2026-04-01T20:16:18","slug":"a-propos-franchise-multimarques-mty","status":"publish","type":"page","link":"https:\/\/mtyfranchising.com\/fr\/a-propos-franchise-multimarques-mty\/","title":{"rendered":"About us"},"content":{"rendered":"\n<style>\n    #block_4ea8bda04fb63ca397336773bc81cd78 {background-color: #bbd328}#block_4ea8bda04fb63ca397336773bc81cd78 .cta-section__button-wrapper:hover a {color: #bbd328}<\/style>\n\n<section id=\"block_4ea8bda04fb63ca397336773bc81cd78\" class=\"cta-section \" data-scroll-trigger=\"cta-section\">\n    <div class=\"cta-section__wrapper\">\n        <div class=\"container\">\n                            <h2 class=\"cta-section__title\">\n                    Vous souhaitez exploiter\u00a0<span style=\"color: #ffffff;\">votre propre franchise?<\/span>\n                <\/h2>\n                                        <div class=\"cta-section__description\">\n                    <p>Que vous soyez \u00e0 la recherche d\u2019un concept \u00e9tabli de restaurant \u00e0 service complet jouissant d\u2019une client\u00e8le fid\u00e8le ou d\u2019une marque de restaurant-minute prometteuse offrant un grand potentiel de croissance, nous avons l\u2019occasion de franchise qui vous convient. Faites vos premiers pas ci-dessous et assurez votre croissance aupr\u00e8s d\u2019une \u00e9quipe de franchisage qui sert le succ\u00e8s depuis plus de 40\u00a0ans.<\/p>\n                <\/div>\n                    <\/div>\n                    <div class=\"cta-section__button-wrapper\">\n                <a href=\"https:\/\/mtyfranchising.com\/fr\/inquiry-form\/\" class=\"cta-section__button\" style=\"background: ;border-color: ; color: \">\n                    LANCEZ-VOUS                <\/a>\n            <\/div>\n                                    <div class=\"cta-section__wrapper-logo\" id=\"slider-logo\">\n                <div class=\"swiper-wrapper\">\n                                                                                <div class=\"cta-section__logo swiper-slide\">\n                                    <img loading=\"lazy\" decoding=\"async\" width=\"147\" height=\"40\" src=\"https:\/\/mtyfranchising.com\/wp-content\/uploads\/2023\/07\/Group-1.svg\" class=\"attachment-medium size-medium\" alt=\"Sushi shop logo\" \/>                                <\/div>\n                                                                                                                <div class=\"cta-section__logo swiper-slide\">\n                                    <img loading=\"lazy\" decoding=\"async\" width=\"119\" height=\"51\" src=\"https:\/\/mtyfranchising.com\/wp-content\/uploads\/2023\/07\/BATONROUGE-2-3-1.svg\" class=\"attachment-medium size-medium\" alt=\"Wetzel&#039;s Pretzels white logo\" \/>                                <\/div>\n                                                                                                                <div class=\"cta-section__logo swiper-slide\">\n                                    <img loading=\"lazy\" decoding=\"async\" width=\"202\" height=\"39\" src=\"https:\/\/mtyfranchising.com\/wp-content\/uploads\/2023\/07\/111T222hai_Express_Canada_logo-1024x194-1-1-1.svg\" class=\"attachment-medium size-medium\" alt=\"Thai express white logo\" \/>                                <\/div>\n                                                                                                                <div class=\"cta-section__logo swiper-slide\">\n                                    <img loading=\"lazy\" decoding=\"async\" width=\"92\" height=\"39\" src=\"https:\/\/mtyfranchising.com\/wp-content\/uploads\/2023\/07\/BATONROUGE-2-14-1.svg\" class=\"attachment-medium size-medium\" alt=\"Thaizone white logo\" \/>                                <\/div>\n                                                                                                                <div class=\"cta-section__logo swiper-slide\">\n                                    <img loading=\"lazy\" decoding=\"async\" width=\"133\" height=\"81\" src=\"https:\/\/mtyfranchising.com\/wp-content\/uploads\/2023\/07\/BATONROUGE-2-18-1.svg\" class=\"attachment-medium size-medium\" alt=\"Baton Rouge white logo\" \/>                                <\/div>\n                                                                                                                <div class=\"cta-section__logo swiper-slide\">\n                                    <img loading=\"lazy\" decoding=\"async\" width=\"108\" height=\"95\" src=\"https:\/\/mtyfranchising.com\/wp-content\/uploads\/2023\/07\/BATONROUGE-2-17-1.svg\" class=\"attachment-medium size-medium\" alt=\"Allo mon coco white logo\" \/>                                <\/div>\n                                                                                                                <div class=\"cta-section__logo swiper-slide\">\n                                    <img loading=\"lazy\" decoding=\"async\" width=\"157\" height=\"49\" src=\"https:\/\/mtyfranchising.com\/wp-content\/uploads\/2023\/10\/MB-STCKD-LOGO-DRKGRN-1.png\" class=\"attachment-medium size-medium\" alt=\"MB logo\" \/>                                <\/div>\n                                                                                                                <div class=\"cta-section__logo swiper-slide\">\n                                    <img loading=\"lazy\" decoding=\"async\" width=\"147\" height=\"40\" src=\"https:\/\/mtyfranchising.com\/wp-content\/uploads\/2023\/07\/Group-1.svg\" class=\"attachment-medium size-medium\" alt=\"Sushi shop logo\" \/>                                <\/div>\n                                                                                                                <div class=\"cta-section__logo swiper-slide\">\n                                    <img loading=\"lazy\" decoding=\"async\" width=\"119\" height=\"51\" src=\"https:\/\/mtyfranchising.com\/wp-content\/uploads\/2023\/07\/BATONROUGE-2-3-1.svg\" class=\"attachment-medium size-medium\" alt=\"Wetzel&#039;s Pretzels white logo\" \/>                                <\/div>\n                                                                                                                <div class=\"cta-section__logo swiper-slide\">\n                                    <img loading=\"lazy\" decoding=\"async\" width=\"202\" height=\"39\" src=\"https:\/\/mtyfranchising.com\/wp-content\/uploads\/2023\/07\/111T222hai_Express_Canada_logo-1024x194-1-1-1.svg\" class=\"attachment-medium size-medium\" alt=\"Thai express white logo\" \/>                                <\/div>\n                                                                                                                <div class=\"cta-section__logo swiper-slide\">\n                                    <img loading=\"lazy\" decoding=\"async\" width=\"92\" height=\"39\" src=\"https:\/\/mtyfranchising.com\/wp-content\/uploads\/2023\/07\/BATONROUGE-2-14-1.svg\" class=\"attachment-medium size-medium\" alt=\"Thaizone white logo\" \/>                                <\/div>\n                                                                                                                <div class=\"cta-section__logo swiper-slide\">\n                                    <img loading=\"lazy\" decoding=\"async\" width=\"133\" height=\"81\" src=\"https:\/\/mtyfranchising.com\/wp-content\/uploads\/2023\/07\/BATONROUGE-2-18-1.svg\" class=\"attachment-medium size-medium\" alt=\"Baton Rouge white logo\" \/>                                <\/div>\n                                                                                                                <div class=\"cta-section__logo swiper-slide\">\n                                    <img loading=\"lazy\" decoding=\"async\" width=\"108\" height=\"95\" src=\"https:\/\/mtyfranchising.com\/wp-content\/uploads\/2023\/07\/BATONROUGE-2-17-1.svg\" class=\"attachment-medium size-medium\" alt=\"Allo mon coco white logo\" \/>                                <\/div>\n                                                                                                                <div class=\"cta-section__logo swiper-slide\">\n                                    <img loading=\"lazy\" decoding=\"async\" width=\"157\" height=\"49\" src=\"https:\/\/mtyfranchising.com\/wp-content\/uploads\/2023\/10\/MB-STCKD-LOGO-DRKGRN-1.png\" class=\"attachment-medium size-medium\" alt=\"MB logo\" \/>                                <\/div>\n                                                                                                                <div class=\"cta-section__logo swiper-slide\">\n                                    <img loading=\"lazy\" decoding=\"async\" width=\"147\" height=\"40\" src=\"https:\/\/mtyfranchising.com\/wp-content\/uploads\/2023\/07\/Group-1.svg\" class=\"attachment-medium size-medium\" alt=\"Sushi shop logo\" \/>                                <\/div>\n                                                                                                                <div class=\"cta-section__logo swiper-slide\">\n                                    <img loading=\"lazy\" decoding=\"async\" width=\"119\" height=\"51\" src=\"https:\/\/mtyfranchising.com\/wp-content\/uploads\/2023\/07\/BATONROUGE-2-3-1.svg\" class=\"attachment-medium size-medium\" alt=\"Wetzel&#039;s Pretzels white logo\" \/>                                <\/div>\n                                                                                                                <div class=\"cta-section__logo swiper-slide\">\n                                    <img loading=\"lazy\" decoding=\"async\" width=\"202\" height=\"39\" src=\"https:\/\/mtyfranchising.com\/wp-content\/uploads\/2023\/07\/111T222hai_Express_Canada_logo-1024x194-1-1-1.svg\" class=\"attachment-medium size-medium\" alt=\"Thai express white logo\" \/>                                <\/div>\n                                                                                                                <div class=\"cta-section__logo swiper-slide\">\n                                    <img loading=\"lazy\" decoding=\"async\" width=\"92\" height=\"39\" src=\"https:\/\/mtyfranchising.com\/wp-content\/uploads\/2023\/07\/BATONROUGE-2-14-1.svg\" class=\"attachment-medium size-medium\" alt=\"Thaizone white logo\" \/>                                <\/div>\n                                                                                                                <div class=\"cta-section__logo swiper-slide\">\n                                    <img loading=\"lazy\" decoding=\"async\" width=\"133\" height=\"81\" src=\"https:\/\/mtyfranchising.com\/wp-content\/uploads\/2023\/07\/BATONROUGE-2-18-1.svg\" class=\"attachment-medium size-medium\" alt=\"Baton Rouge white logo\" \/>                                <\/div>\n                                                                                                                <div class=\"cta-section__logo swiper-slide\">\n                                    <img loading=\"lazy\" decoding=\"async\" width=\"108\" height=\"95\" src=\"https:\/\/mtyfranchising.com\/wp-content\/uploads\/2023\/07\/BATONROUGE-2-17-1.svg\" class=\"attachment-medium size-medium\" alt=\"Allo mon coco white logo\" \/>                                <\/div>\n                                                                                                                <div class=\"cta-section__logo swiper-slide\">\n                                    <img loading=\"lazy\" decoding=\"async\" width=\"157\" height=\"49\" src=\"https:\/\/mtyfranchising.com\/wp-content\/uploads\/2023\/10\/MB-STCKD-LOGO-DRKGRN-1.png\" class=\"attachment-medium size-medium\" alt=\"MB logo\" \/>                                <\/div>\n                                                                    <\/div>\n            <\/div>\n            <\/div>\n        <\/section>","protected":false},"excerpt":{"rendered":"","protected":false},"author":12,"featured_media":10908,"parent":0,"menu_order":0,"comment_status":"closed","ping_status":"closed","template":"about-us.php","meta":{"_acf_changed":false,"footnotes":""},"class_list":["post-7734","page","type-page","status-publish","has-post-thumbnail","hentry"],"acf":[],"yoast_head":"<!-- This site is optimized with the Yoast SEO plugin v27.3 - https:\/\/yoast.com\/product\/yoast-seo-wordpress\/ -->\n<title>\u00c0 Propos de MTY Franchising - Franchise Multimarques<\/title>\n<meta name=\"description\" content=\"D\u00e9couvrez l&#039;\u00e9quipe de d\u00e9veloppement des franchises MTY. Apprenez comment notre processus d&#039;investissement multimarques peut vous accompagner.\" \/>\n<meta name=\"robots\" content=\"index, follow, max-snippet:-1, max-image-preview:large, max-video-preview:-1\" \/>\n<link rel=\"canonical\" href=\"https:\/\/mtyfranchising.com\/fr\/a-propos-franchise-multimarques-mty\/\" \/>\n<meta property=\"og:locale\" content=\"fr_FR\" \/>\n<meta property=\"og:type\" content=\"article\" \/>\n<meta property=\"og:title\" content=\"\u00c0 Propos de MTY Franchising - Franchise Multimarques\" \/>\n<meta property=\"og:description\" content=\"D\u00e9couvrez l&#039;\u00e9quipe de d\u00e9veloppement des franchises MTY. Apprenez comment notre processus d&#039;investissement multimarques peut vous accompagner.\" \/>\n<meta property=\"og:url\" content=\"https:\/\/mtyfranchising.com\/fr\/a-propos-franchise-multimarques-mty\/\" \/>\n<meta property=\"og:site_name\" content=\"MTY Group\" \/>\n<meta property=\"article:modified_time\" content=\"2026-04-01T20:16:18+00:00\" \/>\n<meta property=\"og:image\" content=\"https:\/\/mtyfranchising.com\/wp-content\/uploads\/2026\/04\/about-us.webp\" \/>\n\t<meta property=\"og:image:width\" content=\"1810\" \/>\n\t<meta property=\"og:image:height\" content=\"790\" \/>\n\t<meta property=\"og:image:type\" content=\"image\/webp\" \/>\n<meta name=\"twitter:card\" content=\"summary_large_image\" \/>\n<meta name=\"twitter:label1\" content=\"Dur\u00e9e de lecture estim\u00e9e\" \/>\n\t<meta name=\"twitter:data1\" content=\"1 minute\" \/>\n<script type=\"application\/ld+json\" class=\"yoast-schema-graph\">{\"@context\":\"https:\\\/\\\/schema.org\",\"@graph\":[{\"@type\":\"WebPage\",\"@id\":\"https:\\\/\\\/mtyfranchising.com\\\/fr\\\/a-propos-franchise-multimarques-mty\\\/\",\"url\":\"https:\\\/\\\/mtyfranchising.com\\\/fr\\\/a-propos-franchise-multimarques-mty\\\/\",\"name\":\"\u00c0 Propos de MTY Franchising - Franchise Multimarques\",\"isPartOf\":{\"@id\":\"https:\\\/\\\/mtyfranchising.com\\\/fr\\\/#website\"},\"primaryImageOfPage\":{\"@id\":\"https:\\\/\\\/mtyfranchising.com\\\/fr\\\/a-propos-franchise-multimarques-mty\\\/#primaryimage\"},\"image\":{\"@id\":\"https:\\\/\\\/mtyfranchising.com\\\/fr\\\/a-propos-franchise-multimarques-mty\\\/#primaryimage\"},\"thumbnailUrl\":\"https:\\\/\\\/mtyfranchising.com\\\/wp-content\\\/uploads\\\/2026\\\/04\\\/about-us.webp\",\"datePublished\":\"2025-03-18T19:01:46+00:00\",\"dateModified\":\"2026-04-01T20:16:18+00:00\",\"description\":\"D\u00e9couvrez l'\u00e9quipe de d\u00e9veloppement des franchises MTY. Apprenez comment notre processus d'investissement multimarques peut vous accompagner.\",\"breadcrumb\":{\"@id\":\"https:\\\/\\\/mtyfranchising.com\\\/fr\\\/a-propos-franchise-multimarques-mty\\\/#breadcrumb\"},\"inLanguage\":\"fr-FR\",\"potentialAction\":[{\"@type\":\"ReadAction\",\"target\":[\"https:\\\/\\\/mtyfranchising.com\\\/fr\\\/a-propos-franchise-multimarques-mty\\\/\"]}]},{\"@type\":\"ImageObject\",\"inLanguage\":\"fr-FR\",\"@id\":\"https:\\\/\\\/mtyfranchising.com\\\/fr\\\/a-propos-franchise-multimarques-mty\\\/#primaryimage\",\"url\":\"https:\\\/\\\/mtyfranchising.com\\\/wp-content\\\/uploads\\\/2026\\\/04\\\/about-us.webp\",\"contentUrl\":\"https:\\\/\\\/mtyfranchising.com\\\/wp-content\\\/uploads\\\/2026\\\/04\\\/about-us.webp\",\"width\":1810,\"height\":790},{\"@type\":\"BreadcrumbList\",\"@id\":\"https:\\\/\\\/mtyfranchising.com\\\/fr\\\/a-propos-franchise-multimarques-mty\\\/#breadcrumb\",\"itemListElement\":[{\"@type\":\"ListItem\",\"position\":1,\"name\":\"Home\",\"item\":\"https:\\\/\\\/mtyfranchising.com\\\/fr\\\/\"},{\"@type\":\"ListItem\",\"position\":2,\"name\":\"About us\"}]},{\"@type\":\"WebSite\",\"@id\":\"https:\\\/\\\/mtyfranchising.com\\\/fr\\\/#website\",\"url\":\"https:\\\/\\\/mtyfranchising.com\\\/fr\\\/\",\"name\":\"MTY Franchising\",\"description\":\"\",\"publisher\":{\"@id\":\"https:\\\/\\\/mtyfranchising.com\\\/fr\\\/#organization\"},\"potentialAction\":[{\"@type\":\"SearchAction\",\"target\":{\"@type\":\"EntryPoint\",\"urlTemplate\":\"https:\\\/\\\/mtyfranchising.com\\\/fr\\\/?s={search_term_string}\"},\"query-input\":{\"@type\":\"PropertyValueSpecification\",\"valueRequired\":true,\"valueName\":\"search_term_string\"}}],\"inLanguage\":\"fr-FR\"},{\"@type\":\"Organization\",\"@id\":\"https:\\\/\\\/mtyfranchising.com\\\/fr\\\/#organization\",\"name\":\"MTY Franchising\",\"url\":\"https:\\\/\\\/mtyfranchising.com\\\/fr\\\/\",\"logo\":{\"@type\":\"ImageObject\",\"inLanguage\":\"fr-FR\",\"@id\":\"https:\\\/\\\/mtyfranchising.com\\\/fr\\\/#\\\/schema\\\/logo\\\/image\\\/\",\"url\":\"https:\\\/\\\/mtyfranchising.com\\\/wp-content\\\/uploads\\\/2023\\\/05\\\/MTY-Logo.svg\",\"contentUrl\":\"https:\\\/\\\/mtyfranchising.com\\\/wp-content\\\/uploads\\\/2023\\\/05\\\/MTY-Logo.svg\",\"width\":88,\"height\":88,\"caption\":\"MTY Franchising\"},\"image\":{\"@id\":\"https:\\\/\\\/mtyfranchising.com\\\/fr\\\/#\\\/schema\\\/logo\\\/image\\\/\"}}]}<\/script>\n<!-- \/ Yoast SEO plugin. -->","yoast_head_json":{"title":"\u00c0 Propos de MTY Franchising - Franchise Multimarques","description":"D\u00e9couvrez l'\u00e9quipe de d\u00e9veloppement des franchises MTY. Apprenez comment notre processus d'investissement multimarques peut vous accompagner.","robots":{"index":"index","follow":"follow","max-snippet":"max-snippet:-1","max-image-preview":"max-image-preview:large","max-video-preview":"max-video-preview:-1"},"canonical":"https:\/\/mtyfranchising.com\/fr\/a-propos-franchise-multimarques-mty\/","og_locale":"fr_FR","og_type":"article","og_title":"\u00c0 Propos de MTY Franchising - Franchise Multimarques","og_description":"D\u00e9couvrez l'\u00e9quipe de d\u00e9veloppement des franchises MTY. Apprenez comment notre processus d'investissement multimarques peut vous accompagner.","og_url":"https:\/\/mtyfranchising.com\/fr\/a-propos-franchise-multimarques-mty\/","og_site_name":"MTY Group","article_modified_time":"2026-04-01T20:16:18+00:00","og_image":[{"width":1810,"height":790,"url":"https:\/\/mtyfranchising.com\/wp-content\/uploads\/2026\/04\/about-us.webp","type":"image\/webp"}],"twitter_card":"summary_large_image","twitter_misc":{"Dur\u00e9e de lecture estim\u00e9e":"1 minute"},"schema":{"@context":"https:\/\/schema.org","@graph":[{"@type":"WebPage","@id":"https:\/\/mtyfranchising.com\/fr\/a-propos-franchise-multimarques-mty\/","url":"https:\/\/mtyfranchising.com\/fr\/a-propos-franchise-multimarques-mty\/","name":"\u00c0 Propos de MTY Franchising - Franchise Multimarques","isPartOf":{"@id":"https:\/\/mtyfranchising.com\/fr\/#website"},"primaryImageOfPage":{"@id":"https:\/\/mtyfranchising.com\/fr\/a-propos-franchise-multimarques-mty\/#primaryimage"},"image":{"@id":"https:\/\/mtyfranchising.com\/fr\/a-propos-franchise-multimarques-mty\/#primaryimage"},"thumbnailUrl":"https:\/\/mtyfranchising.com\/wp-content\/uploads\/2026\/04\/about-us.webp","datePublished":"2025-03-18T19:01:46+00:00","dateModified":"2026-04-01T20:16:18+00:00","description":"D\u00e9couvrez l'\u00e9quipe de d\u00e9veloppement des franchises MTY. Apprenez comment notre processus d'investissement multimarques peut vous accompagner.","breadcrumb":{"@id":"https:\/\/mtyfranchising.com\/fr\/a-propos-franchise-multimarques-mty\/#breadcrumb"},"inLanguage":"fr-FR","potentialAction":[{"@type":"ReadAction","target":["https:\/\/mtyfranchising.com\/fr\/a-propos-franchise-multimarques-mty\/"]}]},{"@type":"ImageObject","inLanguage":"fr-FR","@id":"https:\/\/mtyfranchising.com\/fr\/a-propos-franchise-multimarques-mty\/#primaryimage","url":"https:\/\/mtyfranchising.com\/wp-content\/uploads\/2026\/04\/about-us.webp","contentUrl":"https:\/\/mtyfranchising.com\/wp-content\/uploads\/2026\/04\/about-us.webp","width":1810,"height":790},{"@type":"BreadcrumbList","@id":"https:\/\/mtyfranchising.com\/fr\/a-propos-franchise-multimarques-mty\/#breadcrumb","itemListElement":[{"@type":"ListItem","position":1,"name":"Home","item":"https:\/\/mtyfranchising.com\/fr\/"},{"@type":"ListItem","position":2,"name":"About us"}]},{"@type":"WebSite","@id":"https:\/\/mtyfranchising.com\/fr\/#website","url":"https:\/\/mtyfranchising.com\/fr\/","name":"MTY Franchising","description":"","publisher":{"@id":"https:\/\/mtyfranchising.com\/fr\/#organization"},"potentialAction":[{"@type":"SearchAction","target":{"@type":"EntryPoint","urlTemplate":"https:\/\/mtyfranchising.com\/fr\/?s={search_term_string}"},"query-input":{"@type":"PropertyValueSpecification","valueRequired":true,"valueName":"search_term_string"}}],"inLanguage":"fr-FR"},{"@type":"Organization","@id":"https:\/\/mtyfranchising.com\/fr\/#organization","name":"MTY Franchising","url":"https:\/\/mtyfranchising.com\/fr\/","logo":{"@type":"ImageObject","inLanguage":"fr-FR","@id":"https:\/\/mtyfranchising.com\/fr\/#\/schema\/logo\/image\/","url":"https:\/\/mtyfranchising.com\/wp-content\/uploads\/2023\/05\/MTY-Logo.svg","contentUrl":"https:\/\/mtyfranchising.com\/wp-content\/uploads\/2023\/05\/MTY-Logo.svg","width":88,"height":88,"caption":"MTY Franchising"},"image":{"@id":"https:\/\/mtyfranchising.com\/fr\/#\/schema\/logo\/image\/"}}]}},"_links":{"self":[{"href":"https:\/\/mtyfranchising.com\/fr\/wp-json\/wp\/v2\/pages\/7734","targetHints":{"allow":["GET"]}}],"collection":[{"href":"https:\/\/mtyfranchising.com\/fr\/wp-json\/wp\/v2\/pages"}],"about":[{"href":"https:\/\/mtyfranchising.com\/fr\/wp-json\/wp\/v2\/types\/page"}],"author":[{"embeddable":true,"href":"https:\/\/mtyfranchising.com\/fr\/wp-json\/wp\/v2\/users\/12"}],"replies":[{"embeddable":true,"href":"https:\/\/mtyfranchising.com\/fr\/wp-json\/wp\/v2\/comments?post=7734"}],"version-history":[{"count":0,"href":"https:\/\/mtyfranchising.com\/fr\/wp-json\/wp\/v2\/pages\/7734\/revisions"}],"wp:featuredmedia":[{"embeddable":true,"href":"https:\/\/mtyfranchising.com\/fr\/wp-json\/wp\/v2\/media\/10908"}],"wp:attachment":[{"href":"https:\/\/mtyfranchising.com\/fr\/wp-json\/wp\/v2\/media?parent=7734"}],"curies":[{"name":"wp","href":"https:\/\/api.w.org\/{rel}","templated":true}]}}