{"id":7429,"date":"2025-06-23T21:05:43","date_gmt":"2025-06-24T01:05:43","guid":{"rendered":"https:\/\/mtyfranchising.com\/brochure\/"},"modified":"2026-04-01T16:19:30","modified_gmt":"2026-04-01T20:19:30","slug":"brochures-investissement-franchise","status":"publish","type":"page","link":"https:\/\/mtyfranchising.com\/fr\/brochures-investissement-franchise\/","title":{"rendered":"Brochure"},"content":{"rendered":"\n<section id=\"block_4530c42eb12617696d339a5db754046a\" class=\"cta-before-footer\">\n\t<div class=\"cta-before-footer__image-before\">\n\t\t<svg\n\t\t\txmlns=\"http:\/\/www.w3.org\/2000\/svg\"\n\t\t\tclass=\"first\"\n\t\t\twidth=\"245\"\n\t\t\theight=\"245\"\n\t\t\tviewBox=\"0 0 245 245\"\n\t\t\tfill=\"none\"\n\t\t>\n\t\t\t<circle\n\t\t\t\tcx=\"122.5\"\n\t\t\t\tcy=\"122.5\"\n\t\t\t\tr=\"121.5\"\n\t\t\t\ttransform=\"rotate(-180 122.5 122.5)\"\n\t\t\t\tstroke=\"#C0D24B\"\n\t\t\t\tstroke-width=\"2\"\n\t\t\t\tstroke-linecap=\"round\"\n\t\t\t\tstroke-dasharray=\"3 11\"\n\t\t\t\/>\n\t\t<\/svg>\n\t\t<svg\n\t\t\txmlns=\"http:\/\/www.w3.org\/2000\/svg\"\n\t\t\tclass=\"center\"\n\t\t\twidth=\"144\"\n\t\t\theight=\"144\"\n\t\t\tviewBox=\"0 0 144 144\"\n\t\t\tfill=\"none\"\n\t\t>\n\t\t\t<rect width=\"144\" height=\"144\" fill=\"black\" \/>\n\t\t\t<path\n\t\t\t\td=\"M49.1832 49.5615H55.1155V94.9708H48.9348V60.9607L49.2454 62.9595L38.1262 88.6622H33.7158L22.5967 63.5841L22.9073 60.9607V94.9708H16.7266V49.5615H22.6588L35.921 79.5429L49.1832 49.5615Z\"\n\t\t\t\tfill=\"white\"\n\t\t\t\/>\n\t\t\t<path\n\t\t\t\td=\"M72.8502 53.278H79.1863V94.9708H72.8502V53.278ZM60.085 49.5615H91.9515V55.6203H60.085V49.5615Z\"\n\t\t\t\tfill=\"white\"\n\t\t\t\/>\n\t\t\t<path\n\t\t\t\td=\"M115.582 76.5135V94.9708H109.246V76.5135L95.4873 49.5615H102.538L112.414 70.0488L122.291 49.5615H129.342L115.582 76.5135Z\"\n\t\t\t\tfill=\"white\"\n\t\t\t\/>\n\t\t\t<path\n\t\t\t\td=\"M31.675 31.2605V34.458C31.675 36.2709 31.3911 37.78 30.8233 38.9853C30.2655 40.1905 29.4238 41.092 28.2982 41.6896C27.1727 42.2873 25.7632 42.5861 24.0698 42.5861C22.3565 42.5861 20.9271 42.3022 19.7816 41.7345C18.6461 41.1667 17.7944 40.32 17.2267 39.1944C16.6589 38.0589 16.375 36.6395 16.375 34.9361V28.5263C16.375 26.7134 16.6539 25.2093 17.2117 24.014C17.7795 22.8087 18.6262 21.9072 19.7518 21.3096C20.8773 20.7119 22.2868 20.4131 23.9802 20.4131C25.3847 20.4131 26.5949 20.6521 27.6109 21.1303C28.627 21.6084 29.4587 22.3256 30.1062 23.2818C30.7536 24.2281 31.2168 25.4234 31.4957 26.8678H29.1648C28.9059 25.8717 28.5423 25.0449 28.0741 24.3875C27.6159 23.7301 27.0432 23.237 26.3559 22.9083C25.6785 22.5796 24.8866 22.4152 23.9802 22.4152C22.7649 22.4152 21.7539 22.6443 20.9471 23.1025C20.1402 23.5508 19.5326 24.2281 19.1242 25.1346C18.7258 26.0311 18.5266 27.1616 18.5266 28.5263V34.9361C18.5266 36.2012 18.7308 37.2521 19.1392 38.0888C19.5476 38.9155 20.1602 39.5381 20.977 39.9564C21.8037 40.3748 22.8347 40.584 24.0698 40.584C25.2751 40.584 26.2662 40.3698 27.0432 39.9415C27.8301 39.5132 28.4178 38.8508 28.8062 37.9543C29.2047 37.0578 29.4039 35.9073 29.4039 34.5028V33.2627H24.1445V31.2605H31.675Z\"\n\t\t\t\tfill=\"white\"\n\t\t\t\/>\n\t\t\t<path\n\t\t\t\td=\"M37.6366 31.1709H45.0476C45.8544 31.1709 46.5616 30.9966 47.1692 30.6479C47.7868 30.2894 48.26 29.7863 48.5887 29.1389C48.9273 28.4914 49.1017 27.7443 49.1116 26.8977C49.1116 26.051 48.9423 25.3039 48.6036 24.6564C48.2749 24.009 47.8018 23.5109 47.1842 23.1623C46.5766 22.8037 45.8644 22.6244 45.0476 22.6244H37.6366V20.6223H44.928C46.1831 20.6223 47.2838 20.8813 48.2301 21.3992C49.1863 21.9172 49.9234 22.6543 50.4414 23.6105C50.9693 24.5568 51.2333 25.6525 51.2333 26.8977C51.2333 28.1428 50.9693 29.2435 50.4414 30.1997C49.9234 31.146 49.1863 31.8781 48.2301 32.3961C47.2738 32.9141 46.1731 33.173 44.928 33.173H37.6366V31.1709ZM36.3068 20.6223H38.4584V42.362H36.3068V20.6223ZM44.5993 32.5007L46.5865 31.8134L52.1447 42.362H49.5748L44.5993 32.5007Z\"\n\t\t\t\tfill=\"white\"\n\t\t\t\/>\n\t\t\t<path\n\t\t\t\td=\"M62.8577 42.5861C61.244 42.5861 59.8645 42.2724 58.7189 41.6448C57.5834 41.0173 56.7168 40.1059 56.1191 38.9105C55.5215 37.7152 55.2227 36.2709 55.2227 34.5775V28.4217C55.2227 26.7283 55.5215 25.284 56.1191 24.0887C56.7168 22.8934 57.5834 21.9819 58.7189 21.3544C59.8645 20.7269 61.244 20.4131 62.8577 20.4131C64.4714 20.4131 65.846 20.7269 66.9815 21.3544C68.127 21.9819 68.9986 22.8934 69.5963 24.0887C70.1939 25.284 70.4928 26.7283 70.4928 28.4217V34.5775C70.4928 36.2709 70.1939 37.7152 69.5963 38.9105C68.9986 40.1059 68.127 41.0173 66.9815 41.6448C65.846 42.2724 64.4714 42.5861 62.8577 42.5861ZM62.8577 40.584C64.0132 40.584 64.9993 40.3549 65.8161 39.8967C66.6429 39.4285 67.2704 38.7562 67.6987 37.8796C68.127 36.9931 68.3412 35.9272 68.3412 34.6821V28.3171C68.3412 27.072 68.127 26.0111 67.6987 25.1346C67.2704 24.248 66.6429 23.5757 65.8161 23.1175C64.9993 22.6493 64.0132 22.4152 62.8577 22.4152C61.7022 22.4152 60.7111 22.6493 59.8844 23.1175C59.0676 23.5757 58.445 24.248 58.0167 25.1346C57.5884 26.0111 57.3742 27.072 57.3742 28.3171V34.6821C57.3742 35.9272 57.5884 36.9931 58.0167 37.8796C58.445 38.7562 59.0676 39.4285 59.8844 39.8967C60.7111 40.3549 61.7022 40.584 62.8577 40.584Z\"\n\t\t\t\tfill=\"white\"\n\t\t\t\/>\n\t\t\t<path\n\t\t\t\td=\"M82.1471 42.5861C80.4437 42.5861 79.0293 42.2923 77.9037 41.7046C76.7781 41.1169 75.9314 40.2403 75.3637 39.0749C74.8059 37.8995 74.527 36.4253 74.527 34.6522V20.6372H76.6785V34.7568C76.6785 36.6594 77.1317 38.0888 78.0382 39.045C78.9446 39.9913 80.3143 40.4645 82.1471 40.4645C83.9799 40.4645 85.3545 39.9913 86.2709 39.045C87.1873 38.0888 87.6455 36.6594 87.6455 34.7568V20.6372H89.7971V34.6522C89.7971 36.4253 89.5132 37.8995 88.9454 39.0749C88.3876 40.2403 87.5409 41.1169 86.4054 41.7046C85.2698 42.2923 83.8504 42.5861 82.1471 42.5861Z\"\n\t\t\t\tfill=\"white\"\n\t\t\t\/>\n\t\t\t<path\n\t\t\t\td=\"M96.1472 31.9329H103.095C103.942 31.9329 104.689 31.7387 105.336 31.3502C105.984 30.9617 106.482 30.4188 106.83 29.7216C107.189 29.0243 107.368 28.2175 107.368 27.3011C107.368 26.3747 107.189 25.5629 106.83 24.8656C106.482 24.1584 105.984 23.6105 105.336 23.2221C104.689 22.8336 103.942 22.6394 103.095 22.6394H96.1472V20.6372H102.99C104.285 20.6372 105.426 20.9161 106.412 21.4739C107.398 22.0218 108.16 22.7987 108.698 23.8048C109.246 24.8108 109.52 25.9763 109.52 27.3011C109.52 28.6159 109.246 29.7764 108.698 30.7824C108.16 31.7785 107.398 32.5555 106.412 33.1133C105.426 33.6611 104.285 33.9351 102.99 33.9351H96.1472V31.9329ZM94.5783 20.6372H96.7299V42.362H94.5783V20.6372Z\"\n\t\t\t\tfill=\"white\"\n\t\t\t\/>\n\t\t\t<path\n\t\t\t\td=\"M113.345 20.6372H115.496V42.362H113.345V20.6372ZM114.824 40.3599H127.3V42.362H114.824V40.3599ZM114.824 30.5732H125.656V32.5754H114.824V30.5732ZM114.824 20.6372H127.3V22.6394H114.824V20.6372Z\"\n\t\t\t\tfill=\"white\"\n\t\t\t\/>\n\t\t\t<path\n\t\t\t\td=\"M31.675 112.261V115.458C31.675 117.271 31.3911 118.78 30.8233 119.985C30.2655 121.191 29.4238 122.092 28.2982 122.69C27.1727 123.287 25.7632 123.586 24.0698 123.586C22.3565 123.586 20.9271 123.302 19.7816 122.734C18.6461 122.167 17.7944 121.32 17.2267 120.194C16.6589 119.059 16.375 117.639 16.375 115.936V109.526C16.375 107.713 16.6539 106.209 17.2117 105.014C17.7795 103.809 18.6262 102.907 19.7518 102.31C20.8773 101.712 22.2868 101.413 23.9802 101.413C25.3847 101.413 26.5949 101.652 27.6109 102.13C28.627 102.608 29.4587 103.326 30.1062 104.282C30.7536 105.228 31.2168 106.423 31.4957 107.868H29.1648C28.9059 106.872 28.5423 106.045 28.0741 105.388C27.6159 104.73 27.0432 104.237 26.3559 103.908C25.6785 103.58 24.8866 103.415 23.9802 103.415C22.7649 103.415 21.7539 103.644 20.9471 104.103C20.1402 104.551 19.5326 105.228 19.1242 106.135C18.7258 107.031 18.5266 108.162 18.5266 109.526V115.936C18.5266 117.201 18.7308 118.252 19.1392 119.089C19.5476 119.916 20.1602 120.538 20.977 120.956C21.8037 121.375 22.8347 121.584 24.0698 121.584C25.2751 121.584 26.2662 121.37 27.0432 120.942C27.8301 120.513 28.4178 119.851 28.8062 118.954C29.2047 118.058 29.4039 116.907 29.4039 115.503V114.263H24.1445V112.261H31.675Z\"\n\t\t\t\tfill=\"white\"\n\t\t\t\/>\n\t\t\t<path\n\t\t\t\td=\"M41.9206 112.171H49.3316C50.1384 112.171 50.8456 111.997 51.4532 111.648C52.0708 111.289 52.544 110.786 52.8727 110.139C53.2113 109.491 53.3857 108.744 53.3956 107.898C53.3956 107.051 53.2263 106.304 52.8876 105.656C52.5589 105.009 52.0858 104.511 51.4682 104.162C50.8606 103.804 50.1484 103.624 49.3316 103.624H41.9206V101.622H49.212C50.4671 101.622 51.5678 101.881 52.5141 102.399C53.4703 102.917 54.2074 103.654 54.7254 104.611C55.2533 105.557 55.5173 106.653 55.5173 107.898C55.5173 109.143 55.2533 110.243 54.7254 111.2C54.2074 112.146 53.4703 112.878 52.5141 113.396C51.5578 113.914 50.4571 114.173 49.212 114.173H41.9206V112.171ZM40.5908 101.622H42.7424V123.362H40.5908V101.622ZM48.8833 113.501L50.8705 112.813L56.4287 123.362H53.8588L48.8833 113.501Z\"\n\t\t\t\tfill=\"white\"\n\t\t\t\/>\n\t\t\t<path\n\t\t\t\td=\"M71.4257 123.586C69.812 123.586 68.4325 123.272 67.2869 122.645C66.1514 122.017 65.2848 121.106 64.6871 119.911C64.0895 118.715 63.7907 117.271 63.7907 115.578V109.422C63.7907 107.728 64.0895 106.284 64.6871 105.089C65.2848 103.893 66.1514 102.982 67.2869 102.354C68.4325 101.727 69.812 101.413 71.4257 101.413C73.0394 101.413 74.414 101.727 75.5495 102.354C76.6951 102.982 77.5666 103.893 78.1643 105.089C78.7619 106.284 79.0608 107.728 79.0608 109.422V115.578C79.0608 117.271 78.7619 118.715 78.1643 119.911C77.5666 121.106 76.6951 122.017 75.5495 122.645C74.414 123.272 73.0394 123.586 71.4257 123.586ZM71.4257 121.584C72.5812 121.584 73.5673 121.355 74.3841 120.897C75.2109 120.429 75.8384 119.756 76.2667 118.88C76.6951 117.993 76.9092 116.927 76.9092 115.682V109.317C76.9092 108.072 76.6951 107.011 76.2667 106.135C75.8384 105.248 75.2109 104.576 74.3841 104.117C73.5673 103.649 72.5812 103.415 71.4257 103.415C70.2702 103.415 69.2791 103.649 68.4524 104.117C67.6356 104.576 67.013 105.248 66.5847 106.135C66.1564 107.011 65.9422 108.072 65.9422 109.317V115.682C65.9422 116.927 66.1564 117.993 66.5847 118.88C67.013 119.756 67.6356 120.429 68.4524 120.897C69.2791 121.355 70.2702 121.584 71.4257 121.584Z\"\n\t\t\t\tfill=\"white\"\n\t\t\t\/>\n\t\t\t<path\n\t\t\t\td=\"M94.9991 123.586C93.2957 123.586 91.8813 123.292 90.7557 122.705C89.6301 122.117 88.7834 121.24 88.2157 120.075C87.6579 118.9 87.379 117.425 87.379 115.652V101.637H89.5305V115.757C89.5305 117.659 89.9837 119.089 90.8902 120.045C91.7966 120.991 93.1663 121.464 94.9991 121.464C96.8319 121.464 98.2065 120.991 99.1229 120.045C100.039 119.089 100.498 117.659 100.498 115.757V101.637H102.649V115.652C102.649 117.425 102.365 118.9 101.797 120.075C101.24 121.24 100.393 122.117 99.2574 122.705C98.1218 123.292 96.7024 123.586 94.9991 123.586Z\"\n\t\t\t\tfill=\"white\"\n\t\t\t\/>\n\t\t\t<path\n\t\t\t\td=\"M113.283 112.933H120.231C121.078 112.933 121.825 112.739 122.472 112.35C123.12 111.962 123.618 111.419 123.966 110.722C124.325 110.024 124.504 109.217 124.504 108.301C124.504 107.375 124.325 106.563 123.966 105.866C123.618 105.158 123.12 104.611 122.472 104.222C121.825 103.834 121.078 103.639 120.231 103.639H113.283V101.637H120.126C121.421 101.637 122.562 101.916 123.548 102.474C124.534 103.022 125.296 103.799 125.834 104.805C126.382 105.811 126.656 106.976 126.656 108.301C126.656 109.616 126.382 110.776 125.834 111.782C125.296 112.779 124.534 113.555 123.548 114.113C122.562 114.661 121.421 114.935 120.126 114.935H113.283V112.933ZM111.714 101.637H113.866V123.362H111.714V101.637Z\"\n\t\t\t\tfill=\"white\"\n\t\t\t\/>\n\t\t<\/svg>\n\t\t<svg\n\t\t\txmlns=\"http:\/\/www.w3.org\/2000\/svg\"\n\t\t\tclass=\"last\"\n\t\t\twidth=\"176\"\n\t\t\theight=\"176\"\n\t\t\tviewBox=\"0 0 180 180\"\n\t\t\tfill=\"none\"\n\t\t>\n\t\t\t<circle id=\"Ellipse 25\" cx=\"89\" cy=\"89\" r=\"87.5\" stroke=\"#C0D24B\" \/>\n\t\t<\/svg>\n\t<\/div>\n\t<div class=\"container\">\n\t\t<div class=\"cta-before-footer__title\">\n\t\t\t\t\t\t<h2 class=\"teko\">R\u00e9unissant plus de 80 marques de restaurants \u00e0 service rapide, de restaurants-minute et de restaurants \u00e0 service complet<\/h2>\n\t\t\t\t\t<\/div>\n\t\t<div class=\"cta-before-footer__content\">\n\t\t\t<div class=\"cta-before-footer__content--description\">\n\t\t\t\t<p>Groupe MTY figure parmi les meilleures \u00e9quipes de franchisage en Am\u00e9rique du Nord. Nous sommes heureux de vous proposer un concept qui vous plaira.<\/p>\n\t\t\t<\/div>\n\t\t\t\t\t\t<a\n\t\t\t\tclass=\"cta-before-footer__content--button\"\n\t\t\t\thref=\"#our-brands\"\n\t\t\t\ttarget=\"_self\"\n\t\t\t>\n\t\t\t\tEN SAVOIR PLUS\t\t\t<\/a>\n\t\t\t\t\t<\/div>\n\t<\/div>\n\t<div class=\"cta-before-footer__image-after\">\n\t\t<svg\n\t\t\txmlns=\"http:\/\/www.w3.org\/2000\/svg\"\n\t\t\twidth=\"245\"\n\t\t\theight=\"245\"\n\t\t\tviewBox=\"0 0 245 245\"\n\t\t\tfill=\"none\"\n\t\t>\n\t\t\t<circle\n\t\t\t\tcx=\"122.5\"\n\t\t\t\tcy=\"122.5\"\n\t\t\t\tr=\"121.5\"\n\t\t\t\ttransform=\"rotate(-180 122.5 122.5)\"\n\t\t\t\tstroke=\"#C0D24B\"\n\t\t\t\tstroke-width=\"2\"\n\t\t\t\tstroke-linecap=\"round\"\n\t\t\t\tstroke-dasharray=\"3 11\"\n\t\t\t\/>\n\t\t<\/svg>\n\t<\/div>\n<\/section>\n","protected":false},"excerpt":{"rendered":"","protected":false},"author":13,"featured_media":0,"parent":0,"menu_order":0,"comment_status":"closed","ping_status":"closed","template":"brochure.php","meta":{"_acf_changed":true,"footnotes":""},"class_list":["post-7429","page","type-page","status-publish","hentry"],"acf":[],"yoast_head":"<!-- This site is optimized with the Yoast SEO plugin v27.3 - https:\/\/yoast.com\/product\/yoast-seo-wordpress\/ -->\n<title>Votre guide pour l\u2019investissement en franchise | Groupe MTY<\/title>\n<meta name=\"description\" content=\"Explorez un \u00e9ventail d\u2019occasions de franchises de restaurant. T\u00e9l\u00e9chargez les brochures pour en savoir plus sur l\u2019histoire de la marque, les crit\u00e8res de propri\u00e9t\u00e9 et les principales consid\u00e9rations.\" \/>\n<meta name=\"robots\" content=\"index, follow, max-snippet:-1, max-image-preview:large, max-video-preview:-1\" \/>\n<link rel=\"canonical\" href=\"https:\/\/mtyfranchising.com\/fr\/brochures-investissement-franchise\/\" \/>\n<meta property=\"og:locale\" content=\"fr_FR\" \/>\n<meta property=\"og:type\" content=\"article\" \/>\n<meta property=\"og:title\" content=\"Votre guide pour l\u2019investissement en franchise | Groupe MTY\" \/>\n<meta property=\"og:description\" content=\"Explorez un \u00e9ventail d\u2019occasions de franchises de restaurant. T\u00e9l\u00e9chargez les brochures pour en savoir plus sur l\u2019histoire de la marque, les crit\u00e8res de propri\u00e9t\u00e9 et les principales consid\u00e9rations.\" \/>\n<meta property=\"og:url\" content=\"https:\/\/mtyfranchising.com\/fr\/brochures-investissement-franchise\/\" \/>\n<meta property=\"og:site_name\" content=\"MTY Group\" \/>\n<meta property=\"article:modified_time\" content=\"2026-04-01T20:19:30+00:00\" \/>\n<meta name=\"twitter:card\" content=\"summary_large_image\" \/>\n<script type=\"application\/ld+json\" class=\"yoast-schema-graph\">{\"@context\":\"https:\\\/\\\/schema.org\",\"@graph\":[{\"@type\":\"WebPage\",\"@id\":\"https:\\\/\\\/mtyfranchising.com\\\/fr\\\/brochures-investissement-franchise\\\/\",\"url\":\"https:\\\/\\\/mtyfranchising.com\\\/fr\\\/brochures-investissement-franchise\\\/\",\"name\":\"Votre guide pour l\u2019investissement en franchise | Groupe MTY\",\"isPartOf\":{\"@id\":\"https:\\\/\\\/mtyfranchising.com\\\/fr\\\/#website\"},\"datePublished\":\"2025-06-24T01:05:43+00:00\",\"dateModified\":\"2026-04-01T20:19:30+00:00\",\"description\":\"Explorez un \u00e9ventail d\u2019occasions de franchises de restaurant. T\u00e9l\u00e9chargez les brochures pour en savoir plus sur l\u2019histoire de la marque, les crit\u00e8res de propri\u00e9t\u00e9 et les principales consid\u00e9rations.\",\"breadcrumb\":{\"@id\":\"https:\\\/\\\/mtyfranchising.com\\\/fr\\\/brochures-investissement-franchise\\\/#breadcrumb\"},\"inLanguage\":\"fr-FR\",\"potentialAction\":[{\"@type\":\"ReadAction\",\"target\":[\"https:\\\/\\\/mtyfranchising.com\\\/fr\\\/brochures-investissement-franchise\\\/\"]}]},{\"@type\":\"BreadcrumbList\",\"@id\":\"https:\\\/\\\/mtyfranchising.com\\\/fr\\\/brochures-investissement-franchise\\\/#breadcrumb\",\"itemListElement\":[{\"@type\":\"ListItem\",\"position\":1,\"name\":\"Home\",\"item\":\"https:\\\/\\\/mtyfranchising.com\\\/fr\\\/\"},{\"@type\":\"ListItem\",\"position\":2,\"name\":\"Brochure\"}]},{\"@type\":\"WebSite\",\"@id\":\"https:\\\/\\\/mtyfranchising.com\\\/fr\\\/#website\",\"url\":\"https:\\\/\\\/mtyfranchising.com\\\/fr\\\/\",\"name\":\"MTY Franchising\",\"description\":\"\",\"publisher\":{\"@id\":\"https:\\\/\\\/mtyfranchising.com\\\/fr\\\/#organization\"},\"potentialAction\":[{\"@type\":\"SearchAction\",\"target\":{\"@type\":\"EntryPoint\",\"urlTemplate\":\"https:\\\/\\\/mtyfranchising.com\\\/fr\\\/?s={search_term_string}\"},\"query-input\":{\"@type\":\"PropertyValueSpecification\",\"valueRequired\":true,\"valueName\":\"search_term_string\"}}],\"inLanguage\":\"fr-FR\"},{\"@type\":\"Organization\",\"@id\":\"https:\\\/\\\/mtyfranchising.com\\\/fr\\\/#organization\",\"name\":\"MTY Franchising\",\"url\":\"https:\\\/\\\/mtyfranchising.com\\\/fr\\\/\",\"logo\":{\"@type\":\"ImageObject\",\"inLanguage\":\"fr-FR\",\"@id\":\"https:\\\/\\\/mtyfranchising.com\\\/fr\\\/#\\\/schema\\\/logo\\\/image\\\/\",\"url\":\"https:\\\/\\\/mtyfranchising.com\\\/wp-content\\\/uploads\\\/2023\\\/05\\\/MTY-Logo.svg\",\"contentUrl\":\"https:\\\/\\\/mtyfranchising.com\\\/wp-content\\\/uploads\\\/2023\\\/05\\\/MTY-Logo.svg\",\"width\":88,\"height\":88,\"caption\":\"MTY Franchising\"},\"image\":{\"@id\":\"https:\\\/\\\/mtyfranchising.com\\\/fr\\\/#\\\/schema\\\/logo\\\/image\\\/\"}}]}<\/script>\n<!-- \/ Yoast SEO plugin. -->","yoast_head_json":{"title":"Votre guide pour l\u2019investissement en franchise | Groupe MTY","description":"Explorez un \u00e9ventail d\u2019occasions de franchises de restaurant. T\u00e9l\u00e9chargez les brochures pour en savoir plus sur l\u2019histoire de la marque, les crit\u00e8res de propri\u00e9t\u00e9 et les principales consid\u00e9rations.","robots":{"index":"index","follow":"follow","max-snippet":"max-snippet:-1","max-image-preview":"max-image-preview:large","max-video-preview":"max-video-preview:-1"},"canonical":"https:\/\/mtyfranchising.com\/fr\/brochures-investissement-franchise\/","og_locale":"fr_FR","og_type":"article","og_title":"Votre guide pour l\u2019investissement en franchise | Groupe MTY","og_description":"Explorez un \u00e9ventail d\u2019occasions de franchises de restaurant. T\u00e9l\u00e9chargez les brochures pour en savoir plus sur l\u2019histoire de la marque, les crit\u00e8res de propri\u00e9t\u00e9 et les principales consid\u00e9rations.","og_url":"https:\/\/mtyfranchising.com\/fr\/brochures-investissement-franchise\/","og_site_name":"MTY Group","article_modified_time":"2026-04-01T20:19:30+00:00","twitter_card":"summary_large_image","schema":{"@context":"https:\/\/schema.org","@graph":[{"@type":"WebPage","@id":"https:\/\/mtyfranchising.com\/fr\/brochures-investissement-franchise\/","url":"https:\/\/mtyfranchising.com\/fr\/brochures-investissement-franchise\/","name":"Votre guide pour l\u2019investissement en franchise | Groupe MTY","isPartOf":{"@id":"https:\/\/mtyfranchising.com\/fr\/#website"},"datePublished":"2025-06-24T01:05:43+00:00","dateModified":"2026-04-01T20:19:30+00:00","description":"Explorez un \u00e9ventail d\u2019occasions de franchises de restaurant. T\u00e9l\u00e9chargez les brochures pour en savoir plus sur l\u2019histoire de la marque, les crit\u00e8res de propri\u00e9t\u00e9 et les principales consid\u00e9rations.","breadcrumb":{"@id":"https:\/\/mtyfranchising.com\/fr\/brochures-investissement-franchise\/#breadcrumb"},"inLanguage":"fr-FR","potentialAction":[{"@type":"ReadAction","target":["https:\/\/mtyfranchising.com\/fr\/brochures-investissement-franchise\/"]}]},{"@type":"BreadcrumbList","@id":"https:\/\/mtyfranchising.com\/fr\/brochures-investissement-franchise\/#breadcrumb","itemListElement":[{"@type":"ListItem","position":1,"name":"Home","item":"https:\/\/mtyfranchising.com\/fr\/"},{"@type":"ListItem","position":2,"name":"Brochure"}]},{"@type":"WebSite","@id":"https:\/\/mtyfranchising.com\/fr\/#website","url":"https:\/\/mtyfranchising.com\/fr\/","name":"MTY Franchising","description":"","publisher":{"@id":"https:\/\/mtyfranchising.com\/fr\/#organization"},"potentialAction":[{"@type":"SearchAction","target":{"@type":"EntryPoint","urlTemplate":"https:\/\/mtyfranchising.com\/fr\/?s={search_term_string}"},"query-input":{"@type":"PropertyValueSpecification","valueRequired":true,"valueName":"search_term_string"}}],"inLanguage":"fr-FR"},{"@type":"Organization","@id":"https:\/\/mtyfranchising.com\/fr\/#organization","name":"MTY Franchising","url":"https:\/\/mtyfranchising.com\/fr\/","logo":{"@type":"ImageObject","inLanguage":"fr-FR","@id":"https:\/\/mtyfranchising.com\/fr\/#\/schema\/logo\/image\/","url":"https:\/\/mtyfranchising.com\/wp-content\/uploads\/2023\/05\/MTY-Logo.svg","contentUrl":"https:\/\/mtyfranchising.com\/wp-content\/uploads\/2023\/05\/MTY-Logo.svg","width":88,"height":88,"caption":"MTY Franchising"},"image":{"@id":"https:\/\/mtyfranchising.com\/fr\/#\/schema\/logo\/image\/"}}]}},"_links":{"self":[{"href":"https:\/\/mtyfranchising.com\/fr\/wp-json\/wp\/v2\/pages\/7429","targetHints":{"allow":["GET"]}}],"collection":[{"href":"https:\/\/mtyfranchising.com\/fr\/wp-json\/wp\/v2\/pages"}],"about":[{"href":"https:\/\/mtyfranchising.com\/fr\/wp-json\/wp\/v2\/types\/page"}],"author":[{"embeddable":true,"href":"https:\/\/mtyfranchising.com\/fr\/wp-json\/wp\/v2\/users\/13"}],"replies":[{"embeddable":true,"href":"https:\/\/mtyfranchising.com\/fr\/wp-json\/wp\/v2\/comments?post=7429"}],"version-history":[{"count":0,"href":"https:\/\/mtyfranchising.com\/fr\/wp-json\/wp\/v2\/pages\/7429\/revisions"}],"wp:attachment":[{"href":"https:\/\/mtyfranchising.com\/fr\/wp-json\/wp\/v2\/media?parent=7429"}],"curies":[{"name":"wp","href":"https:\/\/api.w.org\/{rel}","templated":true}]}}