{"id":2843,"date":"2023-10-31T12:40:36","date_gmt":"2023-10-31T16:40:36","guid":{"rendered":"https:\/\/mtyfranchising.com\/blog\/"},"modified":"2025-07-21T17:06:33","modified_gmt":"2025-07-21T21:06:33","slug":"blogue","status":"publish","type":"page","link":"https:\/\/mtyfranchising.com\/fr\/blogue\/","title":{"rendered":"Blogue"},"content":{"rendered":"","protected":false},"excerpt":{"rendered":"","protected":false},"author":12,"featured_media":5171,"parent":0,"menu_order":0,"comment_status":"closed","ping_status":"closed","template":"blog_page.php","meta":{"_acf_changed":true,"footnotes":""},"class_list":["post-2843","page","type-page","status-publish","has-post-thumbnail","hentry"],"acf":[],"yoast_head":"<!-- This site is optimized with the Yoast SEO plugin v27.3 - https:\/\/yoast.com\/product\/yoast-seo-wordpress\/ -->\n<title>Perspectives sur les occasions de franchises | Franchise MTY<\/title>\n<meta name=\"description\" content=\"Parcourez le blog MTY Franchise pour conna\u00eetre les derni\u00e8res opportunit\u00e9s de franchise - restez inform\u00e9s et \u00e0 l&#039;\u00e9coute !\" \/>\n<meta name=\"robots\" content=\"index, follow, max-snippet:-1, max-image-preview:large, max-video-preview:-1\" \/>\n<link rel=\"canonical\" href=\"https:\/\/mtyfranchising.com\/fr\/blogue\/\" \/>\n<meta property=\"og:locale\" content=\"fr_FR\" \/>\n<meta property=\"og:type\" content=\"article\" \/>\n<meta property=\"og:title\" content=\"Perspectives sur les occasions de franchises | Franchise MTY\" \/>\n<meta property=\"og:description\" content=\"Parcourez le blog MTY Franchise pour conna\u00eetre les derni\u00e8res opportunit\u00e9s de franchise - restez inform\u00e9s et \u00e0 l&#039;\u00e9coute !\" \/>\n<meta property=\"og:url\" content=\"https:\/\/mtyfranchising.com\/fr\/blogue\/\" \/>\n<meta property=\"og:site_name\" content=\"MTY Group\" \/>\n<meta property=\"article:modified_time\" content=\"2025-07-21T21:06:33+00:00\" \/>\n<meta property=\"og:image\" content=\"https:\/\/mtyfranchising.com\/wp-content\/uploads\/2025\/04\/MTY.webp\" \/>\n\t<meta property=\"og:image:width\" content=\"1091\" \/>\n\t<meta property=\"og:image:height\" content=\"861\" \/>\n\t<meta property=\"og:image:type\" content=\"image\/webp\" \/>\n<meta name=\"twitter:card\" content=\"summary_large_image\" \/>\n<meta name=\"twitter:label1\" content=\"Dur\u00e9e de lecture estim\u00e9e\" \/>\n\t<meta name=\"twitter:data1\" content=\"1 minute\" \/>\n<script type=\"application\/ld+json\" class=\"yoast-schema-graph\">{\"@context\":\"https:\\\/\\\/schema.org\",\"@graph\":[{\"@type\":\"WebPage\",\"@id\":\"https:\\\/\\\/mtyfranchising.com\\\/fr\\\/blogue\\\/\",\"url\":\"https:\\\/\\\/mtyfranchising.com\\\/fr\\\/blogue\\\/\",\"name\":\"Perspectives sur les occasions de franchises | Franchise MTY\",\"isPartOf\":{\"@id\":\"https:\\\/\\\/mtyfranchising.com\\\/fr\\\/#website\"},\"primaryImageOfPage\":{\"@id\":\"https:\\\/\\\/mtyfranchising.com\\\/fr\\\/blogue\\\/#primaryimage\"},\"image\":{\"@id\":\"https:\\\/\\\/mtyfranchising.com\\\/fr\\\/blogue\\\/#primaryimage\"},\"thumbnailUrl\":\"https:\\\/\\\/mtyfranchising.com\\\/wp-content\\\/uploads\\\/2025\\\/04\\\/MTY.webp\",\"datePublished\":\"2023-10-31T16:40:36+00:00\",\"dateModified\":\"2025-07-21T21:06:33+00:00\",\"description\":\"Parcourez le blog MTY Franchise pour conna\u00eetre les derni\u00e8res opportunit\u00e9s de franchise - restez inform\u00e9s et \u00e0 l'\u00e9coute !\",\"breadcrumb\":{\"@id\":\"https:\\\/\\\/mtyfranchising.com\\\/fr\\\/blogue\\\/#breadcrumb\"},\"inLanguage\":\"fr-FR\",\"potentialAction\":[{\"@type\":\"ReadAction\",\"target\":[\"https:\\\/\\\/mtyfranchising.com\\\/fr\\\/blogue\\\/\"]}]},{\"@type\":\"ImageObject\",\"inLanguage\":\"fr-FR\",\"@id\":\"https:\\\/\\\/mtyfranchising.com\\\/fr\\\/blogue\\\/#primaryimage\",\"url\":\"https:\\\/\\\/mtyfranchising.com\\\/wp-content\\\/uploads\\\/2025\\\/04\\\/MTY.webp\",\"contentUrl\":\"https:\\\/\\\/mtyfranchising.com\\\/wp-content\\\/uploads\\\/2025\\\/04\\\/MTY.webp\",\"width\":1091,\"height\":861},{\"@type\":\"BreadcrumbList\",\"@id\":\"https:\\\/\\\/mtyfranchising.com\\\/fr\\\/blogue\\\/#breadcrumb\",\"itemListElement\":[{\"@type\":\"ListItem\",\"position\":1,\"name\":\"Home\",\"item\":\"https:\\\/\\\/mtyfranchising.com\\\/fr\\\/\"},{\"@type\":\"ListItem\",\"position\":2,\"name\":\"Blogue\"}]},{\"@type\":\"WebSite\",\"@id\":\"https:\\\/\\\/mtyfranchising.com\\\/fr\\\/#website\",\"url\":\"https:\\\/\\\/mtyfranchising.com\\\/fr\\\/\",\"name\":\"MTY Franchising\",\"description\":\"\",\"publisher\":{\"@id\":\"https:\\\/\\\/mtyfranchising.com\\\/fr\\\/#organization\"},\"potentialAction\":[{\"@type\":\"SearchAction\",\"target\":{\"@type\":\"EntryPoint\",\"urlTemplate\":\"https:\\\/\\\/mtyfranchising.com\\\/fr\\\/?s={search_term_string}\"},\"query-input\":{\"@type\":\"PropertyValueSpecification\",\"valueRequired\":true,\"valueName\":\"search_term_string\"}}],\"inLanguage\":\"fr-FR\"},{\"@type\":\"Organization\",\"@id\":\"https:\\\/\\\/mtyfranchising.com\\\/fr\\\/#organization\",\"name\":\"MTY Franchising\",\"url\":\"https:\\\/\\\/mtyfranchising.com\\\/fr\\\/\",\"logo\":{\"@type\":\"ImageObject\",\"inLanguage\":\"fr-FR\",\"@id\":\"https:\\\/\\\/mtyfranchising.com\\\/fr\\\/#\\\/schema\\\/logo\\\/image\\\/\",\"url\":\"https:\\\/\\\/mtyfranchising.com\\\/wp-content\\\/uploads\\\/2023\\\/05\\\/MTY-Logo.svg\",\"contentUrl\":\"https:\\\/\\\/mtyfranchising.com\\\/wp-content\\\/uploads\\\/2023\\\/05\\\/MTY-Logo.svg\",\"width\":88,\"height\":88,\"caption\":\"MTY Franchising\"},\"image\":{\"@id\":\"https:\\\/\\\/mtyfranchising.com\\\/fr\\\/#\\\/schema\\\/logo\\\/image\\\/\"}}]}<\/script>\n<!-- \/ Yoast SEO plugin. -->","yoast_head_json":{"title":"Perspectives sur les occasions de franchises | Franchise MTY","description":"Parcourez le blog MTY Franchise pour conna\u00eetre les derni\u00e8res opportunit\u00e9s de franchise - restez inform\u00e9s et \u00e0 l'\u00e9coute !","robots":{"index":"index","follow":"follow","max-snippet":"max-snippet:-1","max-image-preview":"max-image-preview:large","max-video-preview":"max-video-preview:-1"},"canonical":"https:\/\/mtyfranchising.com\/fr\/blogue\/","og_locale":"fr_FR","og_type":"article","og_title":"Perspectives sur les occasions de franchises | Franchise MTY","og_description":"Parcourez le blog MTY Franchise pour conna\u00eetre les derni\u00e8res opportunit\u00e9s de franchise - restez inform\u00e9s et \u00e0 l'\u00e9coute !","og_url":"https:\/\/mtyfranchising.com\/fr\/blogue\/","og_site_name":"MTY Group","article_modified_time":"2025-07-21T21:06:33+00:00","og_image":[{"width":1091,"height":861,"url":"https:\/\/mtyfranchising.com\/wp-content\/uploads\/2025\/04\/MTY.webp","type":"image\/webp"}],"twitter_card":"summary_large_image","twitter_misc":{"Dur\u00e9e de lecture estim\u00e9e":"1 minute"},"schema":{"@context":"https:\/\/schema.org","@graph":[{"@type":"WebPage","@id":"https:\/\/mtyfranchising.com\/fr\/blogue\/","url":"https:\/\/mtyfranchising.com\/fr\/blogue\/","name":"Perspectives sur les occasions de franchises | Franchise MTY","isPartOf":{"@id":"https:\/\/mtyfranchising.com\/fr\/#website"},"primaryImageOfPage":{"@id":"https:\/\/mtyfranchising.com\/fr\/blogue\/#primaryimage"},"image":{"@id":"https:\/\/mtyfranchising.com\/fr\/blogue\/#primaryimage"},"thumbnailUrl":"https:\/\/mtyfranchising.com\/wp-content\/uploads\/2025\/04\/MTY.webp","datePublished":"2023-10-31T16:40:36+00:00","dateModified":"2025-07-21T21:06:33+00:00","description":"Parcourez le blog MTY Franchise pour conna\u00eetre les derni\u00e8res opportunit\u00e9s de franchise - restez inform\u00e9s et \u00e0 l'\u00e9coute !","breadcrumb":{"@id":"https:\/\/mtyfranchising.com\/fr\/blogue\/#breadcrumb"},"inLanguage":"fr-FR","potentialAction":[{"@type":"ReadAction","target":["https:\/\/mtyfranchising.com\/fr\/blogue\/"]}]},{"@type":"ImageObject","inLanguage":"fr-FR","@id":"https:\/\/mtyfranchising.com\/fr\/blogue\/#primaryimage","url":"https:\/\/mtyfranchising.com\/wp-content\/uploads\/2025\/04\/MTY.webp","contentUrl":"https:\/\/mtyfranchising.com\/wp-content\/uploads\/2025\/04\/MTY.webp","width":1091,"height":861},{"@type":"BreadcrumbList","@id":"https:\/\/mtyfranchising.com\/fr\/blogue\/#breadcrumb","itemListElement":[{"@type":"ListItem","position":1,"name":"Home","item":"https:\/\/mtyfranchising.com\/fr\/"},{"@type":"ListItem","position":2,"name":"Blogue"}]},{"@type":"WebSite","@id":"https:\/\/mtyfranchising.com\/fr\/#website","url":"https:\/\/mtyfranchising.com\/fr\/","name":"MTY Franchising","description":"","publisher":{"@id":"https:\/\/mtyfranchising.com\/fr\/#organization"},"potentialAction":[{"@type":"SearchAction","target":{"@type":"EntryPoint","urlTemplate":"https:\/\/mtyfranchising.com\/fr\/?s={search_term_string}"},"query-input":{"@type":"PropertyValueSpecification","valueRequired":true,"valueName":"search_term_string"}}],"inLanguage":"fr-FR"},{"@type":"Organization","@id":"https:\/\/mtyfranchising.com\/fr\/#organization","name":"MTY Franchising","url":"https:\/\/mtyfranchising.com\/fr\/","logo":{"@type":"ImageObject","inLanguage":"fr-FR","@id":"https:\/\/mtyfranchising.com\/fr\/#\/schema\/logo\/image\/","url":"https:\/\/mtyfranchising.com\/wp-content\/uploads\/2023\/05\/MTY-Logo.svg","contentUrl":"https:\/\/mtyfranchising.com\/wp-content\/uploads\/2023\/05\/MTY-Logo.svg","width":88,"height":88,"caption":"MTY Franchising"},"image":{"@id":"https:\/\/mtyfranchising.com\/fr\/#\/schema\/logo\/image\/"}}]}},"_links":{"self":[{"href":"https:\/\/mtyfranchising.com\/fr\/wp-json\/wp\/v2\/pages\/2843","targetHints":{"allow":["GET"]}}],"collection":[{"href":"https:\/\/mtyfranchising.com\/fr\/wp-json\/wp\/v2\/pages"}],"about":[{"href":"https:\/\/mtyfranchising.com\/fr\/wp-json\/wp\/v2\/types\/page"}],"author":[{"embeddable":true,"href":"https:\/\/mtyfranchising.com\/fr\/wp-json\/wp\/v2\/users\/12"}],"replies":[{"embeddable":true,"href":"https:\/\/mtyfranchising.com\/fr\/wp-json\/wp\/v2\/comments?post=2843"}],"version-history":[{"count":0,"href":"https:\/\/mtyfranchising.com\/fr\/wp-json\/wp\/v2\/pages\/2843\/revisions"}],"wp:featuredmedia":[{"embeddable":true,"href":"https:\/\/mtyfranchising.com\/fr\/wp-json\/wp\/v2\/media\/5171"}],"wp:attachment":[{"href":"https:\/\/mtyfranchising.com\/fr\/wp-json\/wp\/v2\/media?parent=2843"}],"curies":[{"name":"wp","href":"https:\/\/api.w.org\/{rel}","templated":true}]}}